{"id":87335,"date":"2023-01-29T13:58:48","date_gmt":"2023-01-29T13:58:48","guid":{"rendered":"https:\/\/2mundoweb.com\/blog-2\/"},"modified":"2024-05-10T10:23:11","modified_gmt":"2024-05-10T10:23:11","slug":"blog","status":"publish","type":"page","link":"https:\/\/2mundoweb.com\/en\/blog\/","title":{"rendered":"Blog"},"content":{"rendered":"\t\t<div data-elementor-type=\"wp-page\" data-elementor-id=\"87335\" class=\"elementor elementor-87335 elementor-85946\" data-elementor-post-type=\"page\">\n\t\t\t\t\t\t<section class=\"elementor-section elementor-top-section elementor-element elementor-element-ee6f18e elementor-section-boxed elementor-section-height-default elementor-section-height-default\" data-id=\"ee6f18e\" data-element_type=\"section\" data-e-type=\"section\">\n\t\t\t\t\t\t<div class=\"elementor-container elementor-column-gap-wide\">\n\t\t\t\t\t<div class=\"elementor-column elementor-col-100 elementor-top-column elementor-element elementor-element-11c1fd5\" data-id=\"11c1fd5\" data-element_type=\"column\" data-e-type=\"column\">\n\t\t\t<div class=\"elementor-widget-wrap elementor-element-populated\">\n\t\t\t\t\t\t<div class=\"elementor-element elementor-element-fd656c0 elementor-widget elementor-widget-heading\" data-id=\"fd656c0\" data-element_type=\"widget\" data-e-type=\"widget\" data-widget_type=\"heading.default\">\n\t\t\t\t<div class=\"elementor-widget-container\">\n\t\t\t\t\t<h3 class=\"elementor-heading-title elementor-size-default\">News and articles<\/h3>\t\t\t\t<\/div>\n\t\t\t\t<\/div>\n\t\t\t\t\t<\/div>\n\t\t<\/div>\n\t\t\t\t\t<\/div>\n\t\t<\/section>\n\t\t\t\t<section class=\"elementor-section elementor-top-section elementor-element elementor-element-f2b952a elementor-section-boxed elementor-section-height-default elementor-section-height-default\" data-id=\"f2b952a\" data-element_type=\"section\" data-e-type=\"section\">\n\t\t\t\t\t\t<div class=\"elementor-container elementor-column-gap-wide\">\n\t\t\t\t\t<div class=\"elementor-column elementor-col-100 elementor-top-column elementor-element elementor-element-ca54c8c\" data-id=\"ca54c8c\" data-element_type=\"column\" data-e-type=\"column\">\n\t\t\t<div class=\"elementor-widget-wrap elementor-element-populated\">\n\t\t\t\t\t\t<div class=\"elementor-element elementor-element-66fc76b elementor-widget elementor-widget-the7-taxonomy-filter\" data-id=\"66fc76b\" data-element_type=\"widget\" data-e-type=\"widget\" data-widget_type=\"the7-taxonomy-filter.default\">\n\t\t\t\t<div class=\"elementor-widget-container\">\n\t\t\t\t\t<div class=\"filter-decorations without-isotope filter filter-pointer-underline filter-animation-fade\"><div class=\"filter-categories\"><a href=\"\/en\/wp-json\/wp\/v2\/pages\/87335\" class=\"show-all filter-item act\">All<\/a><a class=\"filter-item\" href=\"\/en\/wp-json\/wp\/v2\/pages\/87335?taxonomy=category&#038;term=digital-marketing\" data-filter=\".category-267\">digital marketing<\/a><a class=\"filter-item\" href=\"\/en\/wp-json\/wp\/v2\/pages\/87335?taxonomy=category&#038;term=web-design\" data-filter=\".category-266\">web design<\/a><\/div><\/div>\t\t\t\t<\/div>\n\t\t\t\t<\/div>\n\t\t\t\t<div class=\"elementor-element elementor-element-a194ea1 image-vertical-align-center img-align-mobile-top img-align-top icon-box-vertical-align-top preserve-img-ratio-cover slide-h-position-left elementor-widget elementor-widget-the7-elements-simple-posts\" data-id=\"a194ea1\" data-element_type=\"widget\" data-e-type=\"widget\" data-widget_type=\"the7-elements-simple-posts.default\">\n\t\t\t\t<div class=\"elementor-widget-container\">\n\t\t\t\t\t<div class=\"the7-simple-widget-posts the7-elementor-widget the7-elements-simple-posts-a194ea1 jquery-filter jquery-filter\" data-post-limit=\"9\" data-pagination-mode=\"load-more\" data-scroll-offset=\"\" aria-live=\"assertive\">\t\t\t<div class=\"dt-css-grid custom-pagination-handler\" data-columns=\"{&quot;d&quot;:3,&quot;t&quot;:2,&quot;p&quot;:1,&quot;wd&quot;:&quot;&quot;}\">\n\t\t\t\t\t\t\t\t\t<div class=\"wf-cell visible \">\n\t\t\t\t\t\t<article class=\"post visible wrapper post-87287 type-post status-publish format-standard has-post-thumbnail hentry category-digital-marketing\">\n\n\t\t\t\t\t\t\t<div class=\"post-content-wrapper\">\n\t\t\t\t\t\t\t\t\t\t\t\t\t\t\t\t\t<div class=\"the7-simple-post-thumb\">\n\t\t\t\t\t\t\t\t\t\t<a class=\"post-thumbnail-rollover layzr-bg img-css-resize-wrapper\" aria-label=\"Post image\" href=\"https:\/\/2mundoweb.com\/en\/what-is-google-search-console-for-complete-guide\/\"><img fetchpriority=\"high\" decoding=\"async\" width=\"1200\" height=\"801\" src=\"data:image\/svg+xml,%3Csvg%20xmlns%3D&#039;http%3A%2F%2Fwww.w3.org%2F2000%2Fsvg&#039;%20viewBox%3D&#039;0%200%201200%20801&#039;%2F%3E\" class=\"attachment-full size-full preload-me aspect lazy lazy-load\" alt=\"\" sizes=\"(max-width: 1200px) 100vw, 1200px\" style=\"--ratio: 1200 \/ 801;\" data-src=\"https:\/\/2mundoweb.com\/wp-content\/uploads\/2023\/09\/para-que-sirve-google-search-console.webp\" loading=\"eager\" data-srcset=\"https:\/\/2mundoweb.com\/wp-content\/uploads\/2023\/09\/para-que-sirve-google-search-console.webp 1200w, https:\/\/2mundoweb.com\/wp-content\/uploads\/2023\/09\/para-que-sirve-google-search-console-300x200.webp 300w, https:\/\/2mundoweb.com\/wp-content\/uploads\/2023\/09\/para-que-sirve-google-search-console-1024x684.webp 1024w, https:\/\/2mundoweb.com\/wp-content\/uploads\/2023\/09\/para-que-sirve-google-search-console-768x513.webp 768w\" \/><span class=\"the7-hover-icon\"><svg xmlns=\"http:\/\/www.w3.org\/2000\/svg\" viewBox=\"0 0 24 24\" width=\"24\" height=\"24\"><path fill=\"none\" d=\"M0 0h24v24H0z\"><\/path><path d=\"M5 10c-1.1 0-2 .9-2 2s.9 2 2 2 2-.9 2-2-.9-2-2-2zm14 0c-1.1 0-2 .9-2 2s.9 2 2 2 2-.9 2-2-.9-2-2-2zm-7 0c-1.1 0-2 .9-2 2s.9 2 2 2 2-.9 2-2-.9-2-2-2z\"><\/path><\/svg><\/span><\/a>\t\t\t\t\t\t\t\t\t<\/div>\n\t\t\t\t\t\t\t\t\t\t\t\t\t\t\t\t<div class=\"post-entry-content\">\n\t\t\t\t\t\t\t\t\t<h5 class=\"heading\"><a href=\"https:\/\/2mundoweb.com\/en\/what-is-google-search-console-for-complete-guide\/\" rel=\"bookmark\" title=\"What is Google Search Console for? Complete guide\" class=\"post-title\">What is Google Search Console for? Complete guide<\/a><\/h5><div class=\"entry-meta\"><span class=\"meta-item category-link\"><a href=\"https:\/\/2mundoweb.com\/en\/category\/digital-marketing\/\" rel=\"tag\">digital marketing<\/a><\/span><span class=\"meta-item data-link\"><time class=\"entry-date updated\" datetime=\"2023-09-21T12:14:59+00:00\">21 de September de 2023<\/time><\/span><\/div>\t\t\t\t\t\t\t\t<\/div>\n\t\t\t\t\t\t\t<\/div>\n\t\t\t\t\t\t<\/article>\n\t\t\t\t\t<\/div>\t\t\t\t\t\t\t\t\t\t<div class=\"wf-cell visible \">\n\t\t\t\t\t\t<article class=\"post visible wrapper post-87291 type-post status-publish format-standard has-post-thumbnail hentry category-digital-marketing\">\n\n\t\t\t\t\t\t\t<div class=\"post-content-wrapper\">\n\t\t\t\t\t\t\t\t\t\t\t\t\t\t\t\t\t<div class=\"the7-simple-post-thumb\">\n\t\t\t\t\t\t\t\t\t\t<a class=\"post-thumbnail-rollover layzr-bg img-css-resize-wrapper\" aria-label=\"Post image\" href=\"https:\/\/2mundoweb.com\/en\/how-to-plan-your-instagram-feed-definitive-method-2023\/\"><img decoding=\"async\" width=\"1500\" height=\"1000\" src=\"data:image\/svg+xml,%3Csvg%20xmlns%3D&#039;http%3A%2F%2Fwww.w3.org%2F2000%2Fsvg&#039;%20viewBox%3D&#039;0%200%201500%201000&#039;%2F%3E\" class=\"attachment-full size-full preload-me aspect lazy lazy-load\" alt=\"\" sizes=\"(max-width: 1500px) 100vw, 1500px\" style=\"--ratio: 1500 \/ 1000;\" data-src=\"https:\/\/2mundoweb.com\/wp-content\/uploads\/2023\/08\/planificar-feed-instagram-2.webp\" loading=\"eager\" data-srcset=\"https:\/\/2mundoweb.com\/wp-content\/uploads\/2023\/08\/planificar-feed-instagram-2.webp 1500w, https:\/\/2mundoweb.com\/wp-content\/uploads\/2023\/08\/planificar-feed-instagram-2-300x200.webp 300w, https:\/\/2mundoweb.com\/wp-content\/uploads\/2023\/08\/planificar-feed-instagram-2-1024x683.webp 1024w, https:\/\/2mundoweb.com\/wp-content\/uploads\/2023\/08\/planificar-feed-instagram-2-768x512.webp 768w\" \/><span class=\"the7-hover-icon\"><svg xmlns=\"http:\/\/www.w3.org\/2000\/svg\" viewBox=\"0 0 24 24\" width=\"24\" height=\"24\"><path fill=\"none\" d=\"M0 0h24v24H0z\"><\/path><path d=\"M5 10c-1.1 0-2 .9-2 2s.9 2 2 2 2-.9 2-2-.9-2-2-2zm14 0c-1.1 0-2 .9-2 2s.9 2 2 2 2-.9 2-2-.9-2-2-2zm-7 0c-1.1 0-2 .9-2 2s.9 2 2 2 2-.9 2-2-.9-2-2-2z\"><\/path><\/svg><\/span><\/a>\t\t\t\t\t\t\t\t\t<\/div>\n\t\t\t\t\t\t\t\t\t\t\t\t\t\t\t\t<div class=\"post-entry-content\">\n\t\t\t\t\t\t\t\t\t<h5 class=\"heading\"><a href=\"https:\/\/2mundoweb.com\/en\/how-to-plan-your-instagram-feed-definitive-method-2023\/\" rel=\"bookmark\" title=\"How to plan your Instagram feed | Definitive method 2023!\" class=\"post-title\">How to plan your Instagram feed | Definitive method 2023!<\/a><\/h5><div class=\"entry-meta\"><span class=\"meta-item category-link\"><a href=\"https:\/\/2mundoweb.com\/en\/category\/digital-marketing\/\" rel=\"tag\">digital marketing<\/a><\/span><span class=\"meta-item data-link\"><time class=\"entry-date updated\" datetime=\"2023-08-29T11:23:43+00:00\">29 de August de 2023<\/time><\/span><\/div>\t\t\t\t\t\t\t\t<\/div>\n\t\t\t\t\t\t\t<\/div>\n\t\t\t\t\t\t<\/article>\n\t\t\t\t\t<\/div>\t\t\t\t\t\t\t\t\t\t<div class=\"wf-cell visible \">\n\t\t\t\t\t\t<article class=\"post visible wrapper post-87293 type-post status-publish format-standard has-post-thumbnail hentry category-digital-marketing\">\n\n\t\t\t\t\t\t\t<div class=\"post-content-wrapper\">\n\t\t\t\t\t\t\t\t\t\t\t\t\t\t\t\t\t<div class=\"the7-simple-post-thumb\">\n\t\t\t\t\t\t\t\t\t\t<a class=\"post-thumbnail-rollover layzr-bg img-css-resize-wrapper\" aria-label=\"Post image\" href=\"https:\/\/2mundoweb.com\/en\/digital-marketing-strategies-to-boost-your-online-business\/\"><img decoding=\"async\" width=\"1500\" height=\"1043\" src=\"data:image\/svg+xml,%3Csvg%20xmlns%3D&#039;http%3A%2F%2Fwww.w3.org%2F2000%2Fsvg&#039;%20viewBox%3D&#039;0%200%201500%201043&#039;%2F%3E\" class=\"attachment-full size-full preload-me aspect lazy lazy-load\" alt=\"\" sizes=\"(max-width: 1500px) 100vw, 1500px\" style=\"--ratio: 1500 \/ 1043;\" data-src=\"https:\/\/2mundoweb.com\/wp-content\/uploads\/2023\/08\/estrategias-de-marketing.webp\" loading=\"eager\" data-srcset=\"https:\/\/2mundoweb.com\/wp-content\/uploads\/2023\/08\/estrategias-de-marketing.webp 1500w, https:\/\/2mundoweb.com\/wp-content\/uploads\/2023\/08\/estrategias-de-marketing-300x209.webp 300w, https:\/\/2mundoweb.com\/wp-content\/uploads\/2023\/08\/estrategias-de-marketing-1024x712.webp 1024w, https:\/\/2mundoweb.com\/wp-content\/uploads\/2023\/08\/estrategias-de-marketing-768x534.webp 768w\" \/><span class=\"the7-hover-icon\"><svg xmlns=\"http:\/\/www.w3.org\/2000\/svg\" viewBox=\"0 0 24 24\" width=\"24\" height=\"24\"><path fill=\"none\" d=\"M0 0h24v24H0z\"><\/path><path d=\"M5 10c-1.1 0-2 .9-2 2s.9 2 2 2 2-.9 2-2-.9-2-2-2zm14 0c-1.1 0-2 .9-2 2s.9 2 2 2 2-.9 2-2-.9-2-2-2zm-7 0c-1.1 0-2 .9-2 2s.9 2 2 2 2-.9 2-2-.9-2-2-2z\"><\/path><\/svg><\/span><\/a>\t\t\t\t\t\t\t\t\t<\/div>\n\t\t\t\t\t\t\t\t\t\t\t\t\t\t\t\t<div class=\"post-entry-content\">\n\t\t\t\t\t\t\t\t\t<h5 class=\"heading\"><a href=\"https:\/\/2mundoweb.com\/en\/digital-marketing-strategies-to-boost-your-online-business\/\" rel=\"bookmark\" title=\"Digital Marketing Strategies to Boost your Online Business\" class=\"post-title\">Digital Marketing Strategies to Boost your Online Business<\/a><\/h5><div class=\"entry-meta\"><span class=\"meta-item category-link\"><a href=\"https:\/\/2mundoweb.com\/en\/category\/digital-marketing\/\" rel=\"tag\">digital marketing<\/a><\/span><span class=\"meta-item data-link\"><time class=\"entry-date updated\" datetime=\"2023-08-11T14:53:20+00:00\">11 de August de 2023<\/time><\/span><\/div>\t\t\t\t\t\t\t\t<\/div>\n\t\t\t\t\t\t\t<\/div>\n\t\t\t\t\t\t<\/article>\n\t\t\t\t\t<\/div>\t\t\t\t\t\t\t\t\t\t<div class=\"wf-cell visible \">\n\t\t\t\t\t\t<article class=\"post visible wrapper post-87297 type-post status-publish format-standard has-post-thumbnail hentry category-web-design\">\n\n\t\t\t\t\t\t\t<div class=\"post-content-wrapper\">\n\t\t\t\t\t\t\t\t\t\t\t\t\t\t\t\t\t<div class=\"the7-simple-post-thumb\">\n\t\t\t\t\t\t\t\t\t\t<a class=\"post-thumbnail-rollover layzr-bg img-css-resize-wrapper\" aria-label=\"Post image\" href=\"https:\/\/2mundoweb.com\/en\/discover-the-importance-of-responsive-web-design-our-guide\/\"><img decoding=\"async\" width=\"1500\" height=\"833\" src=\"data:image\/svg+xml,%3Csvg%20xmlns%3D&#039;http%3A%2F%2Fwww.w3.org%2F2000%2Fsvg&#039;%20viewBox%3D&#039;0%200%201500%20833&#039;%2F%3E\" class=\"attachment-full size-full preload-me aspect lazy lazy-load\" alt=\"\" sizes=\"(max-width: 1500px) 100vw, 1500px\" style=\"--ratio: 1500 \/ 833;\" data-src=\"https:\/\/2mundoweb.com\/wp-content\/uploads\/2022\/01\/diseno-web-responsive.webp\" loading=\"eager\" data-srcset=\"https:\/\/2mundoweb.com\/wp-content\/uploads\/2022\/01\/diseno-web-responsive.webp 1500w, https:\/\/2mundoweb.com\/wp-content\/uploads\/2022\/01\/diseno-web-responsive-300x167.webp 300w, https:\/\/2mundoweb.com\/wp-content\/uploads\/2022\/01\/diseno-web-responsive-1024x569.webp 1024w, https:\/\/2mundoweb.com\/wp-content\/uploads\/2022\/01\/diseno-web-responsive-768x426.webp 768w\" \/><span class=\"the7-hover-icon\"><svg xmlns=\"http:\/\/www.w3.org\/2000\/svg\" viewBox=\"0 0 24 24\" width=\"24\" height=\"24\"><path fill=\"none\" d=\"M0 0h24v24H0z\"><\/path><path d=\"M5 10c-1.1 0-2 .9-2 2s.9 2 2 2 2-.9 2-2-.9-2-2-2zm14 0c-1.1 0-2 .9-2 2s.9 2 2 2 2-.9 2-2-.9-2-2-2zm-7 0c-1.1 0-2 .9-2 2s.9 2 2 2 2-.9 2-2-.9-2-2-2z\"><\/path><\/svg><\/span><\/a>\t\t\t\t\t\t\t\t\t<\/div>\n\t\t\t\t\t\t\t\t\t\t\t\t\t\t\t\t<div class=\"post-entry-content\">\n\t\t\t\t\t\t\t\t\t<h5 class=\"heading\"><a href=\"https:\/\/2mundoweb.com\/en\/discover-the-importance-of-responsive-web-design-our-guide\/\" rel=\"bookmark\" title=\"Discover the Importance of Responsive Web Design | Our Guide\" class=\"post-title\">Discover the Importance of Responsive Web Design | Our Guide<\/a><\/h5><div class=\"entry-meta\"><span class=\"meta-item category-link\"><a href=\"https:\/\/2mundoweb.com\/en\/category\/web-design\/\" rel=\"tag\">web design<\/a><\/span><span class=\"meta-item data-link\"><time class=\"entry-date updated\" datetime=\"2023-08-01T16:37:18+00:00\">1 de August de 2023<\/time><\/span><\/div>\t\t\t\t\t\t\t\t<\/div>\n\t\t\t\t\t\t\t<\/div>\n\t\t\t\t\t\t<\/article>\n\t\t\t\t\t<\/div>\t\t\t\t\t\t\t\t<\/div>\n\t\t<div class=\"paginator filter-decorations paginator-more-button filter-pointer-background\">\n\t\t\t\t<a class=\"button-load-more highlighted filter-item\" href=\"javascript:void(0);\" data-dt-page=\"1\" ><span class=\"button-caption\">Load more<\/span><\/a>\n\t\t\t<\/div><\/div>\t\t\t\t<\/div>\n\t\t\t\t<\/div>\n\t\t\t\t\t<\/div>\n\t\t<\/div>\n\t\t\t\t\t<\/div>\n\t\t<\/section>\n\t\t\t\t<\/div>\n\t\t","protected":false},"excerpt":{"rendered":"<p>News and articles Alldise\u00f1o webmarketing digital \u00bfPara qu\u00e9 sirve Google Search Console? Gu\u00eda completa marketing digital21 de septiembre de 2023 C\u00f3mo planificar tu feed de Instagram | \u00a1M\u00e9todo definitivo 2023! marketing digital29 de agosto de 2023 Estrategias de Marketing Digital para Impulsar tu Negocio en L\u00ednea marketing digital11 de agosto de 2023 Descubre la Importancia&hellip;<\/p>\n","protected":false},"author":2,"featured_media":0,"parent":0,"menu_order":52,"comment_status":"closed","ping_status":"closed","template":"","meta":{"footnotes":""},"class_list":["post-87335","page","type-page","status-publish","hentry"],"_links":{"self":[{"href":"https:\/\/2mundoweb.com\/en\/wp-json\/wp\/v2\/pages\/87335","targetHints":{"allow":["GET"]}}],"collection":[{"href":"https:\/\/2mundoweb.com\/en\/wp-json\/wp\/v2\/pages"}],"about":[{"href":"https:\/\/2mundoweb.com\/en\/wp-json\/wp\/v2\/types\/page"}],"author":[{"embeddable":true,"href":"https:\/\/2mundoweb.com\/en\/wp-json\/wp\/v2\/users\/2"}],"replies":[{"embeddable":true,"href":"https:\/\/2mundoweb.com\/en\/wp-json\/wp\/v2\/comments?post=87335"}],"version-history":[{"count":1,"href":"https:\/\/2mundoweb.com\/en\/wp-json\/wp\/v2\/pages\/87335\/revisions"}],"predecessor-version":[{"id":87336,"href":"https:\/\/2mundoweb.com\/en\/wp-json\/wp\/v2\/pages\/87335\/revisions\/87336"}],"wp:attachment":[{"href":"https:\/\/2mundoweb.com\/en\/wp-json\/wp\/v2\/media?parent=87335"}],"curies":[{"name":"wp","href":"https:\/\/api.w.org\/{rel}","templated":true}]}}